{"id":75,"date":"2024-05-23T14:39:59","date_gmt":"2024-05-23T12:39:59","guid":{"rendered":"http:\/\/92.205.224.155\/?page_id=75"},"modified":"2024-11-05T13:51:18","modified_gmt":"2024-11-05T12:51:18","slug":"office","status":"publish","type":"page","link":"https:\/\/www.loft-berlin.com\/en\/office\/","title":{"rendered":"OFFICE"},"content":{"rendered":"<section class=\"section image-text image-text--variant-4\">\n\t<div class=\"image-text__container container\">\n\t\t\n\t\t\n\t\t<picture class=\"image-text__picture parallax\"><source srcset=\"https:\/\/www.loft-berlin.com:443\/app\/uploads\/2024\/05\/c07_R3-414x265.jpg\" width=\"414\" height=\"265\" media=\"(max-width: 414px)\" \/><source srcset=\"https:\/\/www.loft-berlin.com:443\/app\/uploads\/2024\/05\/c07_R3-727x491.jpg\" width=\"727\" height=\"491\" media=\"(max-width: 767px)\" \/><img loading=\"lazy\" decoding=\"async\" src=\"https:\/\/www.loft-berlin.com:443\/app\/uploads\/2024\/05\/c07_R3-1920x773.jpg\" width=\"1920\" height=\"773\" class=\"parallax__item parallax__load-image\" data-parallax-type=\"scale\" data-parallax-scale=\"1.3\" \/><\/picture><picture class=\"image-text__picture-2 parallax\"><source srcset=\"https:\/\/www.loft-berlin.com:443\/app\/uploads\/2024\/05\/covivio_loft_gewerbeimmobilie_berlin_icon_2-187x75.png\" width=\"187\" height=\"75\" media=\"(max-width: 414px)\" \/><source srcset=\"https:\/\/www.loft-berlin.com:443\/app\/uploads\/2024\/05\/covivio_loft_gewerbeimmobilie_berlin_icon_2-300x181.png\" width=\"300\" height=\"181\" media=\"(max-width: 767px)\" \/><img loading=\"lazy\" decoding=\"async\" src=\"https:\/\/www.loft-berlin.com:443\/app\/uploads\/2024\/05\/covivio_loft_gewerbeimmobilie_berlin_icon_2-300x200.png\" width=\"300\" height=\"200\" class=\"parallax__item parallax__load-image\" data-parallax-type=\"rotate\"  data-parallax-rotate-start=\"-16\" data-parallax-rotate-end=\"4\" \/><\/picture>\t<\/div>\n<\/section>\n\n<section class=\"section image-text image-text--variant-2 parallax\" >\n\t<picture class=\"image-text__picture\"><source srcset=\"https:\/\/www.loft-berlin.com:443\/app\/uploads\/2024\/05\/istockphoto-1133437953-2048x2048-1.jpeg\" width=\"956\" height=\"754\" media=\"(max-width: 414px)\" \/><source srcset=\"https:\/\/www.loft-berlin.com:443\/app\/uploads\/2024\/05\/istockphoto-1133437953-2048x2048-1.jpeg\" width=\"956\" height=\"754\" media=\"(max-width: 1440px)\" \/><img loading=\"lazy\" decoding=\"async\" src=\"https:\/\/www.loft-berlin.com:443\/app\/uploads\/2024\/05\/istockphoto-1133437953-2048x2048-1.jpeg\" width=\"956\" height=\"754\"  class=\"parallax__item parallax__load-image\" data-parallax-type=\"move\" data-parallax-orientation=\"down\" data-parallax-distance=\"22%\" data-parallax-scale=\"1.25\" \/><\/picture>\t<div class=\"image-text__text-block\">\n\t\t<h1 class=\"h5\">LOFT<\/h1>\n<p class=\"h3\">WE LOVE OFFICE.<\/p>\n<p class=\"text--intro\">LOFT. It\u2019s more than just a name \u2013 it\u2019s a community. A building that has stories to tell, that offers flexibility in use to accommodate a wide range of needs. Compelling architecture and design \u2013 inside and out. With high standards of quality, historical details and modern technology.<br \/>Completely refurbished loft offices in the middle of Berlin, featuring the right amount of space, peace and quiet. <br \/>Uncompromisingly urbane and green. With three distinctive courtyards that offer the opportunity to think, brainstorm or just relax.<\/p>\n<p class=\"text--intro\"><strong>The important thing about LOFT: the philosophy behind it.<\/strong><\/p>\n<p class=\"text--intro\">It\u2019s all about community. For more creativity and motivation. Discover multi-site concepts, collaborative spaces and additional elements from the office of tomorrow.<\/p>\n<p class=\"text--intro\"><strong>Enjoy work. Experience LOFT.<\/strong><\/p>\t<\/div>\n<\/section>\n\n\n<section class=\"section image-text image-text--variant-1 image-text--image-not-full\" >\n\t<picture class=\"image-text__picture\"><source srcset=\"https:\/\/www.loft-berlin.com:443\/app\/uploads\/2024\/05\/siegel.png\" width=\"600\" height=\"200\" media=\"(max-width: 414px)\" \/><source srcset=\"https:\/\/www.loft-berlin.com:443\/app\/uploads\/2024\/05\/siegel.png\" width=\"600\" height=\"200\" media=\"(max-width: 1440px)\" \/><img decoding=\"async\" src=\"https:\/\/www.loft-berlin.com:443\/app\/uploads\/2024\/05\/siegel.png\" width=\"600\" height=\"200\"  loading=\"lazy\" \/><\/picture>\t<div class=\"image-text__text-block\">\n\t\t<h2 class=\"h4\">FLEXIBLE AND CUSTOMIZED.<\/h2><ul>\n<li>flexible workspaces<\/li>\n<li>innovative community concept<\/li>\n<li>inspiring working atmosphere \u2013 indoor und outdoor<\/li>\n<li>three courtyards for working and relaxing<\/li>\n<li>urbanity and nature \u2013 right in the middle and yet quite<\/li>\n<li>central location \u2013 very good infrastructure<\/li>\n<li>WiredScore Gold certification achieved, DGNB certificate is sought<\/li>\n<\/ul>\t<\/div>\n<\/section>\n\n\n\n<section class=\"section teaser-list teaser-list--variant-5\">\n\t\t<div class=\"teaser-list__container container\">\n\t\t\t\t\t<header class=\"teaser-list__header\">\n\t\t\t\t\t\t\t\t\t<div class=\"teaser-list__title\">\n\t\t\t\t\t\t<h2 class=\"h4\">FLEXIBLE SPACES FOR AGILE COMPANIES.<\/h2>\t\t\t\t\t<\/div>\n\t\t\t\t\n\t\t\t\t\t\t\t<\/header>\n\t\t\n\t\t<div class=\"teaser-list__list\">\n\t\t\t\t\t\t\t<article class=\"teaser-list__teaser\">\n\t\t\t\t\t<picture class=\"teaser-list__teaser-picture\"><source srcset=\"https:\/\/www.loft-berlin.com:443\/app\/uploads\/2024\/05\/office6-374x181.png\" width=\"374\" height=\"181\" media=\"(max-width: 414px)\" \/><source srcset=\"https:\/\/www.loft-berlin.com:443\/app\/uploads\/2024\/05\/office6.png\" width=\"420\" height=\"200\" media=\"(max-width: 767px)\" \/><img decoding=\"async\" src=\"https:\/\/www.loft-berlin.com:443\/app\/uploads\/2024\/05\/office6-408x197.png\" width=\"408\" height=\"197\"  loading=\"lazy\" \/><\/picture>\t\t\t\t\t\t\t\t\t\t\t<p class=\"teaser-list__teaser-title\"><span>Adress<\/span><\/p>\n\t\t\t\t\t\t\t\t\t\t\t\t\t\t\t\t<p class=\"teaser-list__teaser-text\">\n\t\t\t\t\t\t\tAlt-Moabit 105, 10559 Berlin\t\t\t\t\t\t\t\t\t\t\t\t\t<\/p>\n\t\t\t\t\t\n\t\t\t\t\t\t\t\t\t<\/article>\n\t\t\t\t\t\t\t<article class=\"teaser-list__teaser\">\n\t\t\t\t\t<picture class=\"teaser-list__teaser-picture\"><source srcset=\"https:\/\/www.loft-berlin.com:443\/app\/uploads\/2024\/05\/office1-374x181.png\" width=\"374\" height=\"181\" media=\"(max-width: 414px)\" \/><source srcset=\"https:\/\/www.loft-berlin.com:443\/app\/uploads\/2024\/05\/office1.png\" width=\"420\" height=\"200\" media=\"(max-width: 767px)\" \/><img decoding=\"async\" src=\"https:\/\/www.loft-berlin.com:443\/app\/uploads\/2024\/05\/office1-408x197.png\" width=\"408\" height=\"197\"  loading=\"lazy\" \/><\/picture>\t\t\t\t\t\t\t\t\t\t\t<p class=\"teaser-list__teaser-title\"><span>SPACE<\/span><\/p>\n\t\t\t\t\t\t\t\t\t\t\t\t\t\t\t\t<p class=\"teaser-list__teaser-text\">\n\t\t\t\t\t\t\tapprox. 6,000 m\u00b2 of office space on seven floors, partial or total use (350 - 6,000 m\u00b2)\t\t\t\t\t\t\t\t\t\t\t\t\t<\/p>\n\t\t\t\t\t\n\t\t\t\t\t\t\t\t\t<\/article>\n\t\t\t\t\t\t\t<article class=\"teaser-list__teaser\">\n\t\t\t\t\t<picture class=\"teaser-list__teaser-picture\"><source srcset=\"https:\/\/www.loft-berlin.com:443\/app\/uploads\/2024\/05\/office3-374x181.png\" width=\"374\" height=\"181\" media=\"(max-width: 414px)\" \/><source srcset=\"https:\/\/www.loft-berlin.com:443\/app\/uploads\/2024\/05\/office3.png\" width=\"420\" height=\"200\" media=\"(max-width: 767px)\" \/><img decoding=\"async\" src=\"https:\/\/www.loft-berlin.com:443\/app\/uploads\/2024\/05\/office3-408x197.png\" width=\"408\" height=\"197\"  loading=\"lazy\" \/><\/picture>\t\t\t\t\t\t\t\t\t\t\t<p class=\"teaser-list__teaser-title\"><span>FLEXIBILITY<\/span><\/p>\n\t\t\t\t\t\t\t\t\t\t\t\t\t\t\t\t<p class=\"teaser-list__teaser-text\">\n\t\t\t\t\t\t\tFlexibility of the floor plans, open space or individual offices\t\t\t\t\t\t\t\t\t\t\t\t\t<\/p>\n\t\t\t\t\t\n\t\t\t\t\t\t\t\t\t<\/article>\n\t\t\t\t\t\t\t<article class=\"teaser-list__teaser\">\n\t\t\t\t\t<picture class=\"teaser-list__teaser-picture\"><source srcset=\"https:\/\/www.loft-berlin.com:443\/app\/uploads\/2024\/05\/office2-374x181.png\" width=\"374\" height=\"181\" media=\"(max-width: 414px)\" \/><source srcset=\"https:\/\/www.loft-berlin.com:443\/app\/uploads\/2024\/05\/office2.png\" width=\"420\" height=\"200\" media=\"(max-width: 767px)\" \/><img decoding=\"async\" src=\"https:\/\/www.loft-berlin.com:443\/app\/uploads\/2024\/05\/office2-408x197.png\" width=\"408\" height=\"197\"  loading=\"lazy\" \/><\/picture>\t\t\t\t\t\t\t\t\t\t\t<p class=\"teaser-list__teaser-title\"><span>COURTYARDS<\/span><\/p>\n\t\t\t\t\t\t\t\t\t\t\t\t\t\t\t\t<p class=\"teaser-list__teaser-text\">\n\t\t\t\t\t\t\tThree newly designed inner courtyards offer several green quiet zones\t\t\t\t\t\t\t\t\t\t\t\t\t<\/p>\n\t\t\t\t\t\n\t\t\t\t\t\t\t\t\t<\/article>\n\t\t\t\t\t\t\t<article class=\"teaser-list__teaser\">\n\t\t\t\t\t<picture class=\"teaser-list__teaser-picture\"><source srcset=\"https:\/\/www.loft-berlin.com:443\/app\/uploads\/2024\/05\/office5-374x181.png\" width=\"374\" height=\"181\" media=\"(max-width: 414px)\" \/><source srcset=\"https:\/\/www.loft-berlin.com:443\/app\/uploads\/2024\/05\/office5.png\" width=\"420\" height=\"200\" media=\"(max-width: 767px)\" \/><img decoding=\"async\" src=\"https:\/\/www.loft-berlin.com:443\/app\/uploads\/2024\/05\/office5-408x197.png\" width=\"408\" height=\"197\"  loading=\"lazy\" \/><\/picture>\t\t\t\t\t\t\t\t\t\t\t<p class=\"teaser-list__teaser-title\"><span>CAR PARKING LOT<\/span><\/p>\n\t\t\t\t\t\t\t\t\t\t\t\t\t\t\t\t<p class=\"teaser-list__teaser-text\">\n\t\t\t\t\t\t\t16 car parking spaces\t\t\t\t\t\t\t\t\t\t\t\t\t<\/p>\n\t\t\t\t\t\n\t\t\t\t\t\t\t\t\t<\/article>\n\t\t\t\t\t\t\t<article class=\"teaser-list__teaser\">\n\t\t\t\t\t<picture class=\"teaser-list__teaser-picture\"><source srcset=\"https:\/\/www.loft-berlin.com:443\/app\/uploads\/2024\/05\/office4-374x181.png\" width=\"374\" height=\"181\" media=\"(max-width: 414px)\" \/><source srcset=\"https:\/\/www.loft-berlin.com:443\/app\/uploads\/2024\/05\/office4.png\" width=\"420\" height=\"200\" media=\"(max-width: 767px)\" \/><img decoding=\"async\" src=\"https:\/\/www.loft-berlin.com:443\/app\/uploads\/2024\/05\/office4-408x197.png\" width=\"408\" height=\"197\"  loading=\"lazy\" \/><\/picture>\t\t\t\t\t\t\t\t\t\t\t<p class=\"teaser-list__teaser-title\"><span>BICYCLE PARKING LOT<\/span><\/p>\n\t\t\t\t\t\t\t\t\t\t\t\t\t\t\t\t<p class=\"teaser-list__teaser-text\">\n\t\t\t\t\t\t\t6 e-bike parking spaces, 100 bike parking spaces\t\t\t\t\t\t\t\t\t\t\t\t\t<\/p>\n\t\t\t\t\t\n\t\t\t\t\t\t\t\t\t<\/article>\n\t\t\t\t\t<\/div>\n\t<\/div>\n<\/section>\n\n<section class=\"section image-text image-text--variant-3 parallax\" style=\"--black-shadow-opacity: 0;\">\n\t<picture class=\"image-text__picture\"><source srcset=\"https:\/\/www.loft-berlin.com:443\/app\/uploads\/2024\/05\/covivio_loft_gewerbeimmobilie_berlin_grundriss_visu12-414x790.jpg\" width=\"414\" height=\"790\" media=\"(max-width: 414px)\" \/><source srcset=\"https:\/\/www.loft-berlin.com:443\/app\/uploads\/2024\/05\/covivio_loft_gewerbeimmobilie_berlin_grundriss_visu12-768x932.jpg\" width=\"768\" height=\"932\" media=\"(max-width: 768px)\" \/><source srcset=\"https:\/\/www.loft-berlin.com:443\/app\/uploads\/2024\/05\/covivio_loft_gewerbeimmobilie_berlin_grundriss_visu12-1024x740.jpg\" width=\"1024\" height=\"740\" media=\"(max-width: 1024px)\" \/><img decoding=\"async\" src=\"https:\/\/www.loft-berlin.com:443\/app\/uploads\/2024\/05\/covivio_loft_gewerbeimmobilie_berlin_grundriss_visu12-1920x883.jpg\" width=\"1920\" height=\"883\" class=\"parallax__item parallax__load-image\" data-parallax-type=\"move\" data-parallax-orientation=\"down\" data-parallax-distance=\"22%\" data-parallax-scale=\"1.25\" loading=\"lazy\" \/><\/picture>\t<div class=\"image-text__text-block\">\n\t\t\t\t\t\t\t\t\t<\/div>\n\t<\/section>\n\n\n\n\n\t<section class=\"section text-box text-box--variant-1\" >\n\t\t<div class=\"container\">\n\t\t\t<h2 class=\"h4\">HISTORIC CHARM, MODERN TECHNOLOGY.<\/h2><p>LOFT is a modern office space that retains significant historical charm. Unlike many other loft offices in Berlin, the original fabric of the building has been fully preserved. At the same time, the modern facilities create a working atmosphere that is nothing short of amazing.<\/p>\n<p>The beautiful old ceilings in the community spaces, with exposed beams and supports, bring the late nineteenth century to life. The historical doors and staircases have been beautifully preserved and refurbished with great care. Work in a modern loft with a historic heart.<\/p>\n<p><strong>LOFT is what you make of it.<\/strong><\/p>\n<div style=\"text-align: center;\">\n<p><a class=\"button button--primary\" href=\"https:\/\/www.loft-berlin.com\/en\/flats\/\">DISCOVER THE Spaces<\/a><\/p>\n<\/div>\t\t<\/div>\n\t<\/section>\n\n\n\n<section class=\"section gallery gallery--variant-1 splide\">\n\t<div class=\"container\">\n\t\t<div class=\"splide__arrows\">\n\t\t\t<button class=\"splide__arrow splide__arrow--prev\">Back<\/button>\n\t\t\t<button class=\"splide__arrow splide__arrow--next\">Further<\/button>\n\t\t<\/div>\n\t\t<div class=\"splide__track\">\n\t\t\t<div class=\"gallery__list splide__list\">\n\t\t\t\t\t\t\t\t\t<div class=\"gallery__item splide__slide\">\n\t\t\t\t\t\t<picture class=\"gallery__picture\"><source srcset=\"https:\/\/www.loft-berlin.com:443\/app\/uploads\/2024\/05\/D200914N005-1000x675-1.png\" width=\"1000\" height=\"675\" media=\"(max-width: 1023px)\" \/><img decoding=\"async\" src=\"https:\/\/www.loft-berlin.com:443\/app\/uploads\/2024\/05\/D200914N005-1000x675-1-850x574.png\" width=\"850\" height=\"574\" class=\"gallery__image\" loading=\"lazy\" \/><\/picture>\t\t\t\t\t<\/div>\n\t\t\t\t\t\t\t\t\t<div class=\"gallery__item splide__slide\">\n\t\t\t\t\t\t<picture class=\"gallery__picture\"><source srcset=\"https:\/\/www.loft-berlin.com:443\/app\/uploads\/2024\/05\/D200907N126@2x-400x377-1.jpg\" width=\"400\" height=\"377\" media=\"(max-width: 1023px)\" \/><img decoding=\"async\" src=\"https:\/\/www.loft-berlin.com:443\/app\/uploads\/2024\/05\/D200907N126@2x-400x377-1.jpg\" width=\"400\" height=\"377\" class=\"gallery__image\" loading=\"lazy\" \/><\/picture>\t\t\t\t\t<\/div>\n\t\t\t\t\t\t\t\t\t<div class=\"gallery__item splide__slide\">\n\t\t\t\t\t\t<picture class=\"gallery__picture\"><source srcset=\"https:\/\/www.loft-berlin.com:443\/app\/uploads\/2024\/05\/slide3r__0002_D200914N036-2048x1153-1.jpg\" width=\"2048\" height=\"1153\" media=\"(max-width: 1023px)\" \/><img decoding=\"async\" src=\"https:\/\/www.loft-berlin.com:443\/app\/uploads\/2024\/05\/slide3r__0002_D200914N036-2048x1153-1-850x479.jpg\" width=\"850\" height=\"479\" class=\"gallery__image\" loading=\"lazy\" \/><\/picture>\t\t\t\t\t<\/div>\n\t\t\t\t\t\t\t\t\t<div class=\"gallery__item splide__slide\">\n\t\t\t\t\t\t<picture class=\"gallery__picture\"><source srcset=\"https:\/\/www.loft-berlin.com:443\/app\/uploads\/2024\/05\/slide3r__0000_D200914N116-2048x1153-1.jpg\" width=\"2048\" height=\"1153\" media=\"(max-width: 1023px)\" \/><img decoding=\"async\" src=\"https:\/\/www.loft-berlin.com:443\/app\/uploads\/2024\/05\/slide3r__0000_D200914N116-2048x1153-1-850x479.jpg\" width=\"850\" height=\"479\" class=\"gallery__image\" loading=\"lazy\" \/><\/picture>\t\t\t\t\t<\/div>\n\t\t\t\t\t\t\t\t\t<div class=\"gallery__item splide__slide\">\n\t\t\t\t\t\t<picture class=\"gallery__picture\"><source srcset=\"https:\/\/www.loft-berlin.com:443\/app\/uploads\/2024\/05\/D200914N151-980x654-1.png\" width=\"980\" height=\"654\" media=\"(max-width: 1023px)\" \/><img decoding=\"async\" src=\"https:\/\/www.loft-berlin.com:443\/app\/uploads\/2024\/05\/D200914N151-980x654-1-850x567.png\" width=\"850\" height=\"567\" class=\"gallery__image\" loading=\"lazy\" \/><\/picture>\t\t\t\t\t<\/div>\n\t\t\t\t\t\t\t<\/div>\n\t\t<\/div>\n\t<\/div>\n<\/section>","protected":false},"excerpt":{"rendered":"","protected":false},"author":2,"featured_media":0,"parent":0,"menu_order":2,"comment_status":"closed","ping_status":"closed","template":"","meta":{"_acf_changed":false,"inline_featured_image":false,"footnotes":""},"class_list":["post-75","page","type-page","status-publish","hentry"],"acf":[],"yoast_head":"<!-- This site is optimized with the Yoast SEO plugin v27.5 - https:\/\/yoast.com\/product\/yoast-seo-wordpress\/ -->\n<title>Flexible B\u00fcror\u00e4ume in Berlin mieten \u2013 LOFT by Covivio Berlin<\/title>\n<meta name=\"description\" content=\"Flexible B\u00fcros, die Kreativit\u00e4t und Produktivit\u00e4t f\u00f6rdern. Ideal f\u00fcr Unternehmen, die eine inspirierende Arbeitsumgebung suchen.\" \/>\n<meta name=\"robots\" content=\"index, follow, max-snippet:-1, max-image-preview:large, max-video-preview:-1\" \/>\n<link rel=\"canonical\" href=\"https:\/\/www.loft-berlin.com\/en\/office\/\" \/>\n<meta property=\"og:locale\" content=\"en_GB\" \/>\n<meta property=\"og:type\" content=\"article\" \/>\n<meta property=\"og:title\" content=\"Flexible B\u00fcror\u00e4ume in Berlin mieten \u2013 LOFT by Covivio Berlin\" \/>\n<meta property=\"og:description\" content=\"Flexible B\u00fcros, die Kreativit\u00e4t und Produktivit\u00e4t f\u00f6rdern. Ideal f\u00fcr Unternehmen, die eine inspirierende Arbeitsumgebung suchen.\" \/>\n<meta property=\"og:url\" content=\"https:\/\/www.loft-berlin.com\/en\/office\/\" \/>\n<meta property=\"og:site_name\" content=\"LOFT by Covivio Berlin\" \/>\n<meta property=\"article:modified_time\" content=\"2024-11-05T12:51:18+00:00\" \/>\n<meta name=\"twitter:card\" content=\"summary_large_image\" \/>\n<script type=\"application\/ld+json\" class=\"yoast-schema-graph\">{\"@context\":\"https:\\\/\\\/schema.org\",\"@graph\":[{\"@type\":\"WebPage\",\"@id\":\"https:\\\/\\\/www.loft-berlin.com\\\/office\\\/\",\"url\":\"https:\\\/\\\/www.loft-berlin.com\\\/office\\\/\",\"name\":\"Flexible B\u00fcror\u00e4ume in Berlin mieten \u2013 LOFT by Covivio Berlin\",\"isPartOf\":{\"@id\":\"https:\\\/\\\/www.loft-berlin.com\\\/#website\"},\"datePublished\":\"2024-05-23T12:39:59+00:00\",\"dateModified\":\"2024-11-05T12:51:18+00:00\",\"description\":\"Flexible B\u00fcros, die Kreativit\u00e4t und Produktivit\u00e4t f\u00f6rdern. Ideal f\u00fcr Unternehmen, die eine inspirierende Arbeitsumgebung suchen.\",\"breadcrumb\":{\"@id\":\"https:\\\/\\\/www.loft-berlin.com\\\/office\\\/#breadcrumb\"},\"inLanguage\":\"en-GB\",\"potentialAction\":[{\"@type\":\"ReadAction\",\"target\":[\"https:\\\/\\\/www.loft-berlin.com\\\/office\\\/\"]}]},{\"@type\":\"BreadcrumbList\",\"@id\":\"https:\\\/\\\/www.loft-berlin.com\\\/office\\\/#breadcrumb\",\"itemListElement\":[{\"@type\":\"ListItem\",\"position\":1,\"name\":\"Home\",\"item\":\"https:\\\/\\\/www.loft-berlin.com\\\/\"},{\"@type\":\"ListItem\",\"position\":2,\"name\":\"OFFICE\"}]},{\"@type\":\"WebSite\",\"@id\":\"https:\\\/\\\/www.loft-berlin.com\\\/#website\",\"url\":\"https:\\\/\\\/www.loft-berlin.com\\\/\",\"name\":\"LOFT by Covivio Berlin\",\"description\":\"\",\"potentialAction\":[{\"@type\":\"SearchAction\",\"target\":{\"@type\":\"EntryPoint\",\"urlTemplate\":\"https:\\\/\\\/www.loft-berlin.com\\\/?s={search_term_string}\"},\"query-input\":{\"@type\":\"PropertyValueSpecification\",\"valueRequired\":true,\"valueName\":\"search_term_string\"}}],\"inLanguage\":\"en-GB\"}]}<\/script>\n<!-- \/ Yoast SEO plugin. -->","yoast_head_json":{"title":"Rent flexible office space in Berlin - LOFT by Covivio Berlin","description":"Flexible offices that promote creativity and productivity. Ideal for companies looking for an inspiring working environment.","robots":{"index":"index","follow":"follow","max-snippet":"max-snippet:-1","max-image-preview":"max-image-preview:large","max-video-preview":"max-video-preview:-1"},"canonical":"https:\/\/www.loft-berlin.com\/en\/office\/","og_locale":"en_GB","og_type":"article","og_title":"Flexible B\u00fcror\u00e4ume in Berlin mieten \u2013 LOFT by Covivio Berlin","og_description":"Flexible B\u00fcros, die Kreativit\u00e4t und Produktivit\u00e4t f\u00f6rdern. Ideal f\u00fcr Unternehmen, die eine inspirierende Arbeitsumgebung suchen.","og_url":"https:\/\/www.loft-berlin.com\/en\/office\/","og_site_name":"LOFT by Covivio Berlin","article_modified_time":"2024-11-05T12:51:18+00:00","twitter_card":"summary_large_image","schema":{"@context":"https:\/\/schema.org","@graph":[{"@type":"WebPage","@id":"https:\/\/www.loft-berlin.com\/office\/","url":"https:\/\/www.loft-berlin.com\/office\/","name":"Rent flexible office space in Berlin - LOFT by Covivio Berlin","isPartOf":{"@id":"https:\/\/www.loft-berlin.com\/#website"},"datePublished":"2024-05-23T12:39:59+00:00","dateModified":"2024-11-05T12:51:18+00:00","description":"Flexible offices that promote creativity and productivity. Ideal for companies looking for an inspiring working environment.","breadcrumb":{"@id":"https:\/\/www.loft-berlin.com\/office\/#breadcrumb"},"inLanguage":"en-GB","potentialAction":[{"@type":"ReadAction","target":["https:\/\/www.loft-berlin.com\/office\/"]}]},{"@type":"BreadcrumbList","@id":"https:\/\/www.loft-berlin.com\/office\/#breadcrumb","itemListElement":[{"@type":"ListItem","position":1,"name":"Home","item":"https:\/\/www.loft-berlin.com\/"},{"@type":"ListItem","position":2,"name":"OFFICE"}]},{"@type":"WebSite","@id":"https:\/\/www.loft-berlin.com\/#website","url":"https:\/\/www.loft-berlin.com\/","name":"LOFT by Covivio Berlin","description":"","potentialAction":[{"@type":"SearchAction","target":{"@type":"EntryPoint","urlTemplate":"https:\/\/www.loft-berlin.com\/?s={search_term_string}"},"query-input":{"@type":"PropertyValueSpecification","valueRequired":true,"valueName":"search_term_string"}}],"inLanguage":"en-GB"}]}},"_links":{"self":[{"href":"https:\/\/www.loft-berlin.com\/en\/wp-json\/wp\/v2\/pages\/75","targetHints":{"allow":["GET"]}}],"collection":[{"href":"https:\/\/www.loft-berlin.com\/en\/wp-json\/wp\/v2\/pages"}],"about":[{"href":"https:\/\/www.loft-berlin.com\/en\/wp-json\/wp\/v2\/types\/page"}],"author":[{"embeddable":true,"href":"https:\/\/www.loft-berlin.com\/en\/wp-json\/wp\/v2\/users\/2"}],"replies":[{"embeddable":true,"href":"https:\/\/www.loft-berlin.com\/en\/wp-json\/wp\/v2\/comments?post=75"}],"version-history":[{"count":48,"href":"https:\/\/www.loft-berlin.com\/en\/wp-json\/wp\/v2\/pages\/75\/revisions"}],"predecessor-version":[{"id":1180,"href":"https:\/\/www.loft-berlin.com\/en\/wp-json\/wp\/v2\/pages\/75\/revisions\/1180"}],"wp:attachment":[{"href":"https:\/\/www.loft-berlin.com\/en\/wp-json\/wp\/v2\/media?parent=75"}],"curies":[{"name":"wp","href":"https:\/\/api.w.org\/{rel}","templated":true}]}}