{"id":82,"date":"2024-05-23T14:41:47","date_gmt":"2024-05-23T12:41:47","guid":{"rendered":"http:\/\/92.205.224.155\/?page_id=82"},"modified":"2025-09-26T09:06:41","modified_gmt":"2025-09-26T07:06:41","slug":"hoefe","status":"publish","type":"page","link":"https:\/\/www.loft-berlin.com\/en\/hoefe\/","title":{"rendered":"COURTYARDS"},"content":{"rendered":"<section class=\"section image-text image-text--variant-4\">\n\t<div class=\"image-text__container container\">\n\t\t\n\t\t\n\t\t<picture class=\"image-text__picture parallax\"><source srcset=\"https:\/\/www.loft-berlin.com:443\/app\/uploads\/2024\/05\/Covivio_LOFT_Hof-414x265.jpg\" width=\"414\" height=\"265\" media=\"(max-width: 414px)\" \/><source srcset=\"https:\/\/www.loft-berlin.com:443\/app\/uploads\/2024\/05\/Covivio_LOFT_Hof-727x491.jpg\" width=\"727\" height=\"491\" media=\"(max-width: 767px)\" \/><img loading=\"lazy\" decoding=\"async\" src=\"https:\/\/www.loft-berlin.com:443\/app\/uploads\/2024\/05\/Covivio_LOFT_Hof-1920x773.jpg\" width=\"1920\" height=\"773\" class=\"parallax__item parallax__load-image\" data-parallax-type=\"scale\" data-parallax-scale=\"1.3\" \/><\/picture><picture class=\"image-text__picture-2 parallax\"><source srcset=\"https:\/\/www.loft-berlin.com:443\/app\/uploads\/2024\/05\/covivio_loft_gewerbeimmobilie_berlin_icon_ruhezonen-187x75.png\" width=\"187\" height=\"75\" media=\"(max-width: 414px)\" \/><source srcset=\"https:\/\/www.loft-berlin.com:443\/app\/uploads\/2024\/05\/covivio_loft_gewerbeimmobilie_berlin_icon_ruhezonen-300x181.png\" width=\"300\" height=\"181\" media=\"(max-width: 767px)\" \/><img loading=\"lazy\" decoding=\"async\" src=\"https:\/\/www.loft-berlin.com:443\/app\/uploads\/2024\/05\/covivio_loft_gewerbeimmobilie_berlin_icon_ruhezonen-300x200.png\" width=\"300\" height=\"200\" class=\"parallax__item parallax__load-image\" data-parallax-type=\"rotate\"  data-parallax-rotate-start=\"-16\" data-parallax-rotate-end=\"4\" \/><\/picture>\t<\/div>\n<\/section>\n\n<section class=\"section image-text image-text--variant-2 parallax\" >\n\t<picture class=\"image-text__picture\"><source srcset=\"https:\/\/www.loft-berlin.com:443\/app\/uploads\/2024\/05\/iStock-878369382@2x.jpg\" width=\"956\" height=\"754\" media=\"(max-width: 414px)\" \/><source srcset=\"https:\/\/www.loft-berlin.com:443\/app\/uploads\/2024\/05\/iStock-878369382@2x.jpg\" width=\"956\" height=\"754\" media=\"(max-width: 1440px)\" \/><img loading=\"lazy\" decoding=\"async\" src=\"https:\/\/www.loft-berlin.com:443\/app\/uploads\/2024\/05\/iStock-878369382@2x.jpg\" width=\"956\" height=\"754\"  class=\"parallax__item parallax__load-image\" data-parallax-type=\"move\" data-parallax-orientation=\"down\" data-parallax-distance=\"22%\" data-parallax-scale=\"1.25\" \/><\/picture>\t<div class=\"image-text__text-block\">\n\t\t<h1 class=\"h5\">COURTYARDS<\/h1>\n<p class=\"h3\">WE LOVE OPEN AIR.<\/p>\n<p class=\"text--intro\">The buildings are grouped around three inner courtyards, each with its own unique character.<\/p>\n<p class=\"text--intro\">The LOFT community meets the local neighbourhood. The first courtyard is the entrance to LOFT, with a publicly accessible caf\u00e9-restaurant as a special connection with the surrounding area.<\/p>\n<p class=\"text--intro\">The second courtyard reveals the innovative open-air office with space for creative brainstorming. A place where you can work away from your desk, exchange ideas with the LOFT community, discover new ways of looking at things \u2013 it\u2019s easy.<\/p>\n<p class=\"text--intro\">Work and relax. Two things that go great together. The third courtyard gives you that little bit of extra space. Cosy, green, quiet \u2013 a place where you can get away from it all. During your lunch break, after work or for a little timeout at any time of day.<\/p>\n<p class=\"text--intro\"><strong>Discover the courtyards!<\/strong><\/p>\t<\/div>\n<\/section>\n\n\n<section class=\"section image-text image-text--variant-1 image-text--image-not-full\" >\n\t<picture class=\"image-text__picture\"><source srcset=\"https:\/\/www.loft-berlin.com:443\/app\/uploads\/2024\/05\/covivio_loft_gewerbeimmobilie_berlin_hoefe_Mobile.jpg\" width=\"1080\" height=\"652\" media=\"(max-width: 414px)\" \/><source srcset=\"https:\/\/www.loft-berlin.com:443\/app\/uploads\/2024\/05\/covivio_loft_gewerbeimmobilie_berlin_hoefe_Mobile.jpg\" width=\"1080\" height=\"652\" media=\"(max-width: 1440px)\" \/><img decoding=\"async\" src=\"https:\/\/www.loft-berlin.com:443\/app\/uploads\/2024\/05\/covivio_loft_gewerbeimmobilie_berlin_hoefe_Mobile.jpg\" width=\"1080\" height=\"652\"  loading=\"lazy\" \/><\/picture>\t<div class=\"image-text__text-block\">\n\t\t<h2 class=\"h4\">CHEERS TO SUNSHINE BREAKS AND FRESH AIR.<\/h2><p><strong>Courtyard 1 \u2013 Arrive!<br \/><\/strong>ARRIVE IN LOFT.<br \/>The first courtyard is the entrance to LOFT and is therefore open to the public. A nice caf\u00e9 or restaurant is also planned here.<\/p>\n<p class=\"p1\"><strong>Courtyard 2 \u2013 Work!<\/strong><br \/>THE OUTDOOR OFFICE.<br \/>Arrive at the LOFT.<\/p>\n<p class=\"p1\"><strong>Courtyard 3 \u2013 Relax!<\/strong><br \/>COURTYARD FOR GREEN BREAKS.<br \/>The third courtyard offers plenty of sunshine and pure relaxation. A \u201chidden gem\u201d, a green oasis away from noise, traffic and desks. A place to work and meet!<\/p>\n<div style=\"display: flex; flex-wrap: wrap; gap: 40px; justify-content: center; align-items: center;\">\u00a0<\/div>\t<\/div>\n<\/section>\n\n\n<section class=\"section image-text image-text--variant-3 parallax\" style=\"--black-shadow-opacity: 0;\">\n\t<picture class=\"image-text__picture\"><source srcset=\"https:\/\/www.loft-berlin.com:443\/app\/uploads\/2024\/05\/covivio_loft_gewerbeimmobilie_berlin_openoffice_visu-414x790.jpg\" width=\"414\" height=\"790\" media=\"(max-width: 414px)\" \/><source srcset=\"https:\/\/www.loft-berlin.com:443\/app\/uploads\/2024\/05\/covivio_loft_gewerbeimmobilie_berlin_openoffice_visu-768x932.jpg\" width=\"768\" height=\"932\" media=\"(max-width: 768px)\" \/><source srcset=\"https:\/\/www.loft-berlin.com:443\/app\/uploads\/2024\/05\/covivio_loft_gewerbeimmobilie_berlin_openoffice_visu-1024x740.jpg\" width=\"1024\" height=\"740\" media=\"(max-width: 1024px)\" \/><img decoding=\"async\" src=\"https:\/\/www.loft-berlin.com:443\/app\/uploads\/2024\/05\/covivio_loft_gewerbeimmobilie_berlin_openoffice_visu-1920x883.jpg\" width=\"1920\" height=\"883\" class=\"parallax__item parallax__load-image\" data-parallax-type=\"move\" data-parallax-orientation=\"down\" data-parallax-distance=\"22%\" data-parallax-scale=\"1.25\" loading=\"lazy\" \/><\/picture>\t<div class=\"image-text__text-block\">\n\t\t\t\t\t\t\t\t\t<\/div>\n\t<\/section>\n\n\n\n\n\t<section class=\"section text-box text-box--variant-1\" >\n\t\t<div class=\"container\">\n\t\t\t<h2 class=\"h4\">FRESH AIR FOR NEW IDEAS.<\/h2><p>The sound of birds chirping instead of telephones ringing. Open air instead of open plan. Outside instead of indoors. The chance to escape the office whenever you want. LOFT makes it possible. Just take your laptop and head out into the fresh air. Down into the courtyard, where you\u2019ll find everything you need.<\/p>\n<p>Breathe in the fresh air, give it another go, exchange ideas with the LOFT community. Inspiration, out-of-the-box thinking, fresh perspectives. All of it stimulates new ideas. That\u2019s the spirit of the open-air office. And everyone can be a part of it. If you\u2019re looking for an open space in Berlin, LOFT is just what you need.<\/p>\n<p><strong>LOFT inspires. With new perspectives.<\/strong><\/p>\t\t<\/div>\n\t<\/section>\n\n\n\n<section class=\"section teaser-list teaser-list--variant-5\">\n\t\t<div class=\"teaser-list__container container\">\n\t\t\n\t\t<div class=\"teaser-list__list\">\n\t\t\t\t\t\t\t<article class=\"teaser-list__teaser\">\n\t\t\t\t\t<picture class=\"teaser-list__teaser-picture\"><source srcset=\"https:\/\/www.loft-berlin.com:443\/app\/uploads\/2024\/05\/hoefe1-374x181.png\" width=\"374\" height=\"181\" media=\"(max-width: 414px)\" \/><source srcset=\"https:\/\/www.loft-berlin.com:443\/app\/uploads\/2024\/05\/hoefe1.png\" width=\"420\" height=\"200\" media=\"(max-width: 767px)\" \/><img decoding=\"async\" src=\"https:\/\/www.loft-berlin.com:443\/app\/uploads\/2024\/05\/hoefe1-408x197.png\" width=\"408\" height=\"197\"  loading=\"lazy\" \/><\/picture>\t\t\t\t\t\t\t\t\t\t\t<p class=\"teaser-list__teaser-title\"><span>Co-Working<\/span><\/p>\n\t\t\t\t\t\t\t\t\t\t\t\t\t\t\t\t<p class=\"teaser-list__teaser-text\">\n\t\t\t\t\t\t\twith the LOFT Community\t\t\t\t\t\t\t\t\t\t\t\t\t<\/p>\n\t\t\t\t\t\n\t\t\t\t\t\t\t\t\t<\/article>\n\t\t\t\t\t\t\t<article class=\"teaser-list__teaser\">\n\t\t\t\t\t<picture class=\"teaser-list__teaser-picture\"><source srcset=\"https:\/\/www.loft-berlin.com:443\/app\/uploads\/2024\/05\/hoefe3-374x181.png\" width=\"374\" height=\"181\" media=\"(max-width: 414px)\" \/><source srcset=\"https:\/\/www.loft-berlin.com:443\/app\/uploads\/2024\/05\/hoefe3.png\" width=\"420\" height=\"200\" media=\"(max-width: 767px)\" \/><img decoding=\"async\" src=\"https:\/\/www.loft-berlin.com:443\/app\/uploads\/2024\/05\/hoefe3-408x197.png\" width=\"408\" height=\"197\"  loading=\"lazy\" \/><\/picture>\t\t\t\t\t\t\t\t\t\t\t<p class=\"teaser-list__teaser-title\"><span>Outdoor Meeting <\/span><\/p>\n\t\t\t\t\t\t\t\t\t\t\t\t\t\t\t\t<p class=\"teaser-list__teaser-text\">\n\t\t\t\t\t\t\twith new perspectives\t\t\t\t\t\t\t\t\t\t\t\t\t<\/p>\n\t\t\t\t\t\n\t\t\t\t\t\t\t\t\t<\/article>\n\t\t\t\t\t\t\t<article class=\"teaser-list__teaser\">\n\t\t\t\t\t<picture class=\"teaser-list__teaser-picture\"><source srcset=\"https:\/\/www.loft-berlin.com:443\/app\/uploads\/2024\/05\/hoefe2-374x181.png\" width=\"374\" height=\"181\" media=\"(max-width: 414px)\" \/><source srcset=\"https:\/\/www.loft-berlin.com:443\/app\/uploads\/2024\/05\/hoefe2.png\" width=\"420\" height=\"200\" media=\"(max-width: 767px)\" \/><img decoding=\"async\" src=\"https:\/\/www.loft-berlin.com:443\/app\/uploads\/2024\/05\/hoefe2-408x197.png\" width=\"408\" height=\"197\"  loading=\"lazy\" \/><\/picture>\t\t\t\t\t\t\t\t\t\t\t<p class=\"teaser-list__teaser-title\"><span>Creative Break <\/span><\/p>\n\t\t\t\t\t\t\t\t\t\t\t\t\t\t\t\t<p class=\"teaser-list__teaser-text\">\n\t\t\t\t\t\t\tand then a fresh start\t\t\t\t\t\t\t\t\t\t\t\t\t<\/p>\n\t\t\t\t\t\n\t\t\t\t\t\t\t\t\t<\/article>\n\t\t\t\t\t<\/div>\n\t<\/div>\n<\/section>\n\n<section class=\"section image-text image-text--variant-3 parallax\" style=\"--black-shadow-opacity: 0;\">\n\t<picture class=\"image-text__picture\"><source srcset=\"https:\/\/www.loft-berlin.com:443\/app\/uploads\/2024\/05\/C02_visu-2048x753-1-414x753.jpg\" width=\"414\" height=\"753\" media=\"(max-width: 414px)\" \/><source srcset=\"https:\/\/www.loft-berlin.com:443\/app\/uploads\/2024\/05\/C02_visu-2048x753-1-768x753.jpg\" width=\"768\" height=\"753\" media=\"(max-width: 768px)\" \/><source srcset=\"https:\/\/www.loft-berlin.com:443\/app\/uploads\/2024\/05\/C02_visu-2048x753-1-1024x740.jpg\" width=\"1024\" height=\"740\" media=\"(max-width: 1024px)\" \/><img decoding=\"async\" src=\"https:\/\/www.loft-berlin.com:443\/app\/uploads\/2024\/05\/C02_visu-2048x753-1-1920x753.jpg\" width=\"1920\" height=\"753\" class=\"parallax__item parallax__load-image\" data-parallax-type=\"move\" data-parallax-orientation=\"down\" data-parallax-distance=\"22%\" data-parallax-scale=\"1.25\" loading=\"lazy\" \/><\/picture>\t<div class=\"image-text__text-block\">\n\t\t\t\t\t\t\t\t\t<\/div>\n\t<\/section>\n\n\n\n\n\t<section class=\"section text-box text-box--variant-1\" >\n\t\t<div class=\"container\">\n\t\t\t<h2 class=\"h4\">NEW PERSPECTIVES FOR NEW WORK.<\/h2><ul>\n<li>Cosy seating options for brainstorming and working<\/li>\n<li>Sufficient power supply in the yard<\/li>\n<li>Community kitchen<\/li>\n<li>Baby changing room and bike wash station<\/li>\n<\/ul>\t\t<\/div>\n\t<\/section>\n\n\n\t<section class=\"section text-box text-box--variant-1\" >\n\t\t<div class=\"container\">\n\t\t\t<div style=\"display: flex; flex-wrap: wrap; gap: 40px; justify-content: center; align-items: center;\"><img decoding=\"async\" src=\"\/app\/uploads\/2024\/05\/hoefe-u1.png\" alt=\"\" \/> <img decoding=\"async\" src=\"\/app\/uploads\/2024\/05\/hoefe-u2.png\" alt=\"\" \/><\/div>\n<div>\u00a0<\/div>\n<div style=\"text-align: center;\"><a class=\"button button--primary\" href=\"https:\/\/www.loft-berlin.com\/en\/\">DISCOVER MORE ABOUT LOFT<\/a><\/div>\t\t<\/div>\n\t<\/section>","protected":false},"excerpt":{"rendered":"","protected":false},"author":2,"featured_media":0,"parent":0,"menu_order":4,"comment_status":"closed","ping_status":"closed","template":"","meta":{"_acf_changed":false,"inline_featured_image":false,"footnotes":""},"class_list":["post-82","page","type-page","status-publish","hentry"],"acf":[],"yoast_head":"<!-- This site is optimized with the Yoast SEO plugin v27.5 - https:\/\/yoast.com\/product\/yoast-seo-wordpress\/ -->\n<title>LOFT by Covivio Berlin: Kreative Pausenfl\u00e4chen f\u00fcr Ihr B\u00fcro<\/title>\n<meta name=\"description\" content=\"Erleben Sie die gr\u00fcnen Innenh\u00f6fe: Gemeinschaftsfl\u00e4chen f\u00fcr Erholung und Kreativit\u00e4t \u2013 ideal, wenn Sie ein B\u00fcro in Berlin mieten m\u00f6chten.\" \/>\n<meta name=\"robots\" content=\"index, follow, max-snippet:-1, max-image-preview:large, max-video-preview:-1\" \/>\n<link rel=\"canonical\" href=\"https:\/\/www.loft-berlin.com\/en\/hoefe\/\" \/>\n<meta property=\"og:locale\" content=\"en_GB\" \/>\n<meta property=\"og:type\" content=\"article\" \/>\n<meta property=\"og:title\" content=\"LOFT by Covivio Berlin: Kreative Pausenfl\u00e4chen f\u00fcr Ihr B\u00fcro\" \/>\n<meta property=\"og:description\" content=\"Erleben Sie die gr\u00fcnen Innenh\u00f6fe: Gemeinschaftsfl\u00e4chen f\u00fcr Erholung und Kreativit\u00e4t \u2013 ideal, wenn Sie ein B\u00fcro in Berlin mieten m\u00f6chten.\" \/>\n<meta property=\"og:url\" content=\"https:\/\/www.loft-berlin.com\/en\/hoefe\/\" \/>\n<meta property=\"og:site_name\" content=\"LOFT by Covivio Berlin\" \/>\n<meta property=\"article:modified_time\" content=\"2025-09-26T07:06:41+00:00\" \/>\n<meta name=\"twitter:card\" content=\"summary_large_image\" \/>\n<meta name=\"twitter:label1\" content=\"Est. reading time\" \/>\n\t<meta name=\"twitter:data1\" content=\"5 minutes\" \/>\n<script type=\"application\/ld+json\" class=\"yoast-schema-graph\">{\"@context\":\"https:\\\/\\\/schema.org\",\"@graph\":[{\"@type\":\"WebPage\",\"@id\":\"https:\\\/\\\/www.loft-berlin.com\\\/hoefe\\\/\",\"url\":\"https:\\\/\\\/www.loft-berlin.com\\\/hoefe\\\/\",\"name\":\"LOFT by Covivio Berlin: Kreative Pausenfl\u00e4chen f\u00fcr Ihr B\u00fcro\",\"isPartOf\":{\"@id\":\"https:\\\/\\\/www.loft-berlin.com\\\/#website\"},\"datePublished\":\"2024-05-23T12:41:47+00:00\",\"dateModified\":\"2025-09-26T07:06:41+00:00\",\"description\":\"Erleben Sie die gr\u00fcnen Innenh\u00f6fe: Gemeinschaftsfl\u00e4chen f\u00fcr Erholung und Kreativit\u00e4t \u2013 ideal, wenn Sie ein B\u00fcro in Berlin mieten m\u00f6chten.\",\"breadcrumb\":{\"@id\":\"https:\\\/\\\/www.loft-berlin.com\\\/hoefe\\\/#breadcrumb\"},\"inLanguage\":\"en-GB\",\"potentialAction\":[{\"@type\":\"ReadAction\",\"target\":[\"https:\\\/\\\/www.loft-berlin.com\\\/hoefe\\\/\"]}]},{\"@type\":\"BreadcrumbList\",\"@id\":\"https:\\\/\\\/www.loft-berlin.com\\\/hoefe\\\/#breadcrumb\",\"itemListElement\":[{\"@type\":\"ListItem\",\"position\":1,\"name\":\"Home\",\"item\":\"https:\\\/\\\/www.loft-berlin.com\\\/\"},{\"@type\":\"ListItem\",\"position\":2,\"name\":\"H\u00d6FE\"}]},{\"@type\":\"WebSite\",\"@id\":\"https:\\\/\\\/www.loft-berlin.com\\\/#website\",\"url\":\"https:\\\/\\\/www.loft-berlin.com\\\/\",\"name\":\"LOFT by Covivio Berlin\",\"description\":\"\",\"potentialAction\":[{\"@type\":\"SearchAction\",\"target\":{\"@type\":\"EntryPoint\",\"urlTemplate\":\"https:\\\/\\\/www.loft-berlin.com\\\/?s={search_term_string}\"},\"query-input\":{\"@type\":\"PropertyValueSpecification\",\"valueRequired\":true,\"valueName\":\"search_term_string\"}}],\"inLanguage\":\"en-GB\"}]}<\/script>\n<!-- \/ Yoast SEO plugin. -->","yoast_head_json":{"title":"LOFT by Covivio Berlin: Creative breakout spaces for your office","description":"Experience the green inner courtyards: communal areas for relaxation and creativity - ideal if you want to rent an office in Berlin.","robots":{"index":"index","follow":"follow","max-snippet":"max-snippet:-1","max-image-preview":"max-image-preview:large","max-video-preview":"max-video-preview:-1"},"canonical":"https:\/\/www.loft-berlin.com\/en\/hoefe\/","og_locale":"en_GB","og_type":"article","og_title":"LOFT by Covivio Berlin: Kreative Pausenfl\u00e4chen f\u00fcr Ihr B\u00fcro","og_description":"Erleben Sie die gr\u00fcnen Innenh\u00f6fe: Gemeinschaftsfl\u00e4chen f\u00fcr Erholung und Kreativit\u00e4t \u2013 ideal, wenn Sie ein B\u00fcro in Berlin mieten m\u00f6chten.","og_url":"https:\/\/www.loft-berlin.com\/en\/hoefe\/","og_site_name":"LOFT by Covivio Berlin","article_modified_time":"2025-09-26T07:06:41+00:00","twitter_card":"summary_large_image","twitter_misc":{"Est. reading time":"5 minutes"},"schema":{"@context":"https:\/\/schema.org","@graph":[{"@type":"WebPage","@id":"https:\/\/www.loft-berlin.com\/hoefe\/","url":"https:\/\/www.loft-berlin.com\/hoefe\/","name":"LOFT by Covivio Berlin: Creative breakout spaces for your office","isPartOf":{"@id":"https:\/\/www.loft-berlin.com\/#website"},"datePublished":"2024-05-23T12:41:47+00:00","dateModified":"2025-09-26T07:06:41+00:00","description":"Experience the green inner courtyards: communal areas for relaxation and creativity - ideal if you want to rent an office in Berlin.","breadcrumb":{"@id":"https:\/\/www.loft-berlin.com\/hoefe\/#breadcrumb"},"inLanguage":"en-GB","potentialAction":[{"@type":"ReadAction","target":["https:\/\/www.loft-berlin.com\/hoefe\/"]}]},{"@type":"BreadcrumbList","@id":"https:\/\/www.loft-berlin.com\/hoefe\/#breadcrumb","itemListElement":[{"@type":"ListItem","position":1,"name":"Home","item":"https:\/\/www.loft-berlin.com\/"},{"@type":"ListItem","position":2,"name":"H\u00d6FE"}]},{"@type":"WebSite","@id":"https:\/\/www.loft-berlin.com\/#website","url":"https:\/\/www.loft-berlin.com\/","name":"LOFT by Covivio Berlin","description":"","potentialAction":[{"@type":"SearchAction","target":{"@type":"EntryPoint","urlTemplate":"https:\/\/www.loft-berlin.com\/?s={search_term_string}"},"query-input":{"@type":"PropertyValueSpecification","valueRequired":true,"valueName":"search_term_string"}}],"inLanguage":"en-GB"}]}},"_links":{"self":[{"href":"https:\/\/www.loft-berlin.com\/en\/wp-json\/wp\/v2\/pages\/82","targetHints":{"allow":["GET"]}}],"collection":[{"href":"https:\/\/www.loft-berlin.com\/en\/wp-json\/wp\/v2\/pages"}],"about":[{"href":"https:\/\/www.loft-berlin.com\/en\/wp-json\/wp\/v2\/types\/page"}],"author":[{"embeddable":true,"href":"https:\/\/www.loft-berlin.com\/en\/wp-json\/wp\/v2\/users\/2"}],"replies":[{"embeddable":true,"href":"https:\/\/www.loft-berlin.com\/en\/wp-json\/wp\/v2\/comments?post=82"}],"version-history":[{"count":145,"href":"https:\/\/www.loft-berlin.com\/en\/wp-json\/wp\/v2\/pages\/82\/revisions"}],"predecessor-version":[{"id":1479,"href":"https:\/\/www.loft-berlin.com\/en\/wp-json\/wp\/v2\/pages\/82\/revisions\/1479"}],"wp:attachment":[{"href":"https:\/\/www.loft-berlin.com\/en\/wp-json\/wp\/v2\/media?parent=82"}],"curies":[{"name":"wp","href":"https:\/\/api.w.org\/{rel}","templated":true}]}}